{"id":323,"date":"2025-10-28T11:27:07","date_gmt":"2025-10-28T14:27:07","guid":{"rendered":"https:\/\/loja.solidservers.com.br\/?post_type=product&#038;p=323"},"modified":"2025-10-28T11:29:39","modified_gmt":"2025-10-28T14:29:39","slug":"alvo-lumishot-para-tiro-fluorescente-predador","status":"publish","type":"product","link":"https:\/\/loja.solidservers.com.br\/index.php\/produto\/alvo-lumishot-para-tiro-fluorescente-predador\/","title":{"rendered":"Alvo Lumishot Para Tiro Fluorescente Predador"},"content":{"rendered":"<p>Os alvos LUMISHOT s\u00e3o de fabrica\u00e7\u00e3o totalmente brasileira.<br \/>\nFabricado idealmente para atiradores que procuram a r\u00e1pida visualiza\u00e7\u00e3o do acerto do alvo.<br \/>\nFabricado em camadas, seu sistema reativo indica a cor AMARELO FLUORESCENTE E VERMELHO NO CENTRO onde houve o acerto do tiro no alvo, facilitando a visualiza\u00e7\u00e3o em grandes dist\u00e2ncias.<\/p>\n<p>APROVEITEM!!!!<\/p>\n","protected":false},"excerpt":{"rendered":"<p>This is a simple product.<\/p>\n<p>Quisque tincidunt scelerisque libero. Maecenas aliquet accumsan leo. Ut enim ad minim veniam.<\/p>\n","protected":false},"featured_media":296,"comment_status":"open","ping_status":"closed","template":"","meta":[],"product_brand":[],"product_cat":[15],"product_tag":[],"class_list":{"0":"post-323","1":"product","2":"type-product","3":"status-publish","4":"has-post-thumbnail","6":"product_cat-sem-categoria","8":"first","9":"instock","10":"shipping-taxable","11":"purchasable","12":"product-type-simple"},"_links":{"self":[{"href":"https:\/\/loja.solidservers.com.br\/index.php\/wp-json\/wp\/v2\/product\/323","targetHints":{"allow":["GET"]}}],"collection":[{"href":"https:\/\/loja.solidservers.com.br\/index.php\/wp-json\/wp\/v2\/product"}],"about":[{"href":"https:\/\/loja.solidservers.com.br\/index.php\/wp-json\/wp\/v2\/types\/product"}],"replies":[{"embeddable":true,"href":"https:\/\/loja.solidservers.com.br\/index.php\/wp-json\/wp\/v2\/comments?post=323"}],"wp:featuredmedia":[{"embeddable":true,"href":"https:\/\/loja.solidservers.com.br\/index.php\/wp-json\/wp\/v2\/media\/296"}],"wp:attachment":[{"href":"https:\/\/loja.solidservers.com.br\/index.php\/wp-json\/wp\/v2\/media?parent=323"}],"wp:term":[{"taxonomy":"product_brand","embeddable":true,"href":"https:\/\/loja.solidservers.com.br\/index.php\/wp-json\/wp\/v2\/product_brand?post=323"},{"taxonomy":"product_cat","embeddable":true,"href":"https:\/\/loja.solidservers.com.br\/index.php\/wp-json\/wp\/v2\/product_cat?post=323"},{"taxonomy":"product_tag","embeddable":true,"href":"https:\/\/loja.solidservers.com.br\/index.php\/wp-json\/wp\/v2\/product_tag?post=323"}],"curies":[{"name":"wp","href":"https:\/\/api.w.org\/{rel}","templated":true}]}}